{"id":30240,"date":"2022-01-15T18:32:04","date_gmt":"2022-01-15T16:32:04","guid":{"rendered":"https:\/\/www.hellamieli.fi\/verkkokurssi\/ryhma6\/?page_id=30240"},"modified":"2024-02-03T18:45:54","modified_gmt":"2024-02-03T16:45:54","slug":"salasanan-nollaus","status":"publish","type":"page","link":"https:\/\/jannittajanverkkokurssi.com\/ryhma13\/salasanan-nollaus\/","title":{"rendered":"-salasanan nollaus"},"content":{"rendered":"\t\t<div data-elementor-type=\"wp-page\" data-elementor-id=\"30240\" class=\"elementor elementor-30240\">\n\t\t\t\t\t\t<section class=\"elementor-section elementor-top-section elementor-element elementor-element-6ea98e4 elementor-section-boxed elementor-section-height-default elementor-section-height-default\" data-id=\"6ea98e4\" data-element_type=\"section\">\n\t\t\t\t\t\t<div class=\"elementor-container elementor-column-gap-default\">\n\t\t\t\t\t<div class=\"elementor-column elementor-col-16 elementor-top-column elementor-element elementor-element-3f91e97\" data-id=\"3f91e97\" data-element_type=\"column\">\n\t\t\t<div class=\"elementor-widget-wrap\">\n\t\t\t\t\t\t\t<\/div>\n\t\t<\/div>\n\t\t\t\t<div class=\"elementor-column elementor-col-66 elementor-top-column elementor-element elementor-element-c417ae2\" data-id=\"c417ae2\" data-element_type=\"column\">\n\t\t\t<div class=\"elementor-widget-wrap elementor-element-populated\">\n\t\t\t\t\t\t<div class=\"elementor-element elementor-element-282c6b0 elementor-widget elementor-widget-text-editor\" data-id=\"282c6b0\" data-element_type=\"widget\" data-widget_type=\"text-editor.default\">\n\t\t\t\t<div class=\"elementor-widget-container\">\n\t\t\t\t\t\t\t\n<div class=\"um um-password um-um_password_id\">\n\t<div class=\"um-form\">\n\t\t<form method=\"post\" action=\"\">\n\t\t\t\n\t\t\t\t<input type=\"hidden\" name=\"_um_password_reset\" id=\"_um_password_reset\" value=\"1\" \/>\n\n\t\t\t\t\t\t\t\t\t<div class=\"um-field um-field-block um-field-type_block\">\n\t\t\t\t\t\t<div class=\"um-field-block\">\n\t\t\t\t\t\t\t<div style=\"text-align:center;\">\n\t\t\t\t\t\t\t\tPyyd\u00e4 uusi salasana antamalla s\u00e4hk\u00f6postiosoitteesi tai k\u00e4ytt\u00e4j\u00e4tunnuksesi alle.\t\t\t\t\t\t\t<\/div>\n\t\t\t\t\t\t<\/div>\n\t\t\t\t\t<\/div>\n\t\t\t\t<div  id=\"um_field_0_username_b\" class=\"um-field um-field-text  um-field-username_b um-field-text um-field-type_text\" data-key=\"username_b\"><div class=\"um-field-area\"><input  autocomplete=\"off\" class=\"um-form-field valid \" type=\"text\" name=\"username_b\" id=\"username_b\" value=\"\" placeholder=\"Anna k\u00e4ytt\u00e4j\u00e4tunnuksesi tai s\u00e4hk\u00f6postiosoitteesi\" data-validate=\"\" data-key=\"username_b\"  aria-invalid=\"false\" \/>\n\n\t\t\t\t\t\t<\/div><\/div>\n\t\t\t\t<div class=\"um-col-alt um-col-alt-b\">\n\n\t\t\t\t\t<div class=\"um-center\">\n\t\t\t\t\t\t<input type=\"submit\" value=\"Nollaa salasana\" class=\"um-button\" id=\"um-submit-btn\" \/>\n\t\t\t\t\t<\/div>\n\n\t\t\t\t\t<div class=\"um-clear\"><\/div>\n\n\t\t\t\t<\/div>\n\n\t\t\t\t\t\t<input type=\"hidden\" name=\"form_id\" id=\"form_id_um_password_id\" value=\"um_password_id\" \/>\n\t\n\t<p class=\"um_request_name\">\n\t\t<label for=\"um_request_um_password_id\">Only fill in if you are not human<\/label>\n\t\t<input type=\"hidden\" name=\"um_request\" id=\"um_request_um_password_id\" class=\"input\" value=\"\" size=\"25\" autocomplete=\"off\" \/>\n\t<\/p>\n\n\t\t\t<\/form>\n\t<\/div>\n<\/div>\n<style>\n\t\t\t.um-um_password_id.um {\n\t\t\tmax-width: 450px;\n\t\t}\n\t\t<\/style>\n\t\t\t\t\t\t<\/div>\n\t\t\t\t<\/div>\n\t\t\t\t\t<\/div>\n\t\t<\/div>\n\t\t\t\t<div class=\"elementor-column elementor-col-16 elementor-top-column elementor-element elementor-element-511313e\" data-id=\"511313e\" data-element_type=\"column\">\n\t\t\t<div class=\"elementor-widget-wrap\">\n\t\t\t\t\t\t\t<\/div>\n\t\t<\/div>\n\t\t\t\t\t<\/div>\n\t\t<\/section>\n\t\t\t\t<\/div>\n\t\t","protected":false},"excerpt":{"rendered":"","protected":false},"author":1,"featured_media":0,"parent":0,"menu_order":0,"comment_status":"closed","ping_status":"closed","template":"elementor_canvas","meta":{"footnotes":""},"class_list":["post-30240","page","type-page","status-publish","hentry"],"_links":{"self":[{"href":"https:\/\/jannittajanverkkokurssi.com\/ryhma13\/wp-json\/wp\/v2\/pages\/30240"}],"collection":[{"href":"https:\/\/jannittajanverkkokurssi.com\/ryhma13\/wp-json\/wp\/v2\/pages"}],"about":[{"href":"https:\/\/jannittajanverkkokurssi.com\/ryhma13\/wp-json\/wp\/v2\/types\/page"}],"author":[{"embeddable":true,"href":"https:\/\/jannittajanverkkokurssi.com\/ryhma13\/wp-json\/wp\/v2\/users\/1"}],"replies":[{"embeddable":true,"href":"https:\/\/jannittajanverkkokurssi.com\/ryhma13\/wp-json\/wp\/v2\/comments?post=30240"}],"version-history":[{"count":9,"href":"https:\/\/jannittajanverkkokurssi.com\/ryhma13\/wp-json\/wp\/v2\/pages\/30240\/revisions"}],"predecessor-version":[{"id":34685,"href":"https:\/\/jannittajanverkkokurssi.com\/ryhma13\/wp-json\/wp\/v2\/pages\/30240\/revisions\/34685"}],"wp:attachment":[{"href":"https:\/\/jannittajanverkkokurssi.com\/ryhma13\/wp-json\/wp\/v2\/media?parent=30240"}],"curies":[{"name":"wp","href":"https:\/\/api.w.org\/{rel}","templated":true}]}}