{"id":32811,"date":"2023-08-26T06:45:31","date_gmt":"2023-08-26T03:45:31","guid":{"rendered":"https:\/\/jannittajanverkkokurssi.com\/ryhma13\/?post_type=product&#038;p=32811"},"modified":"2025-05-06T04:26:46","modified_gmt":"2025-05-06T01:26:46","slug":"jannittajan-verkkokurssi-vip-osamaksu","status":"publish","type":"product","link":"https:\/\/jannittajanverkkokurssi.com\/ryhma14\/shop\/jannittajan-verkkokurssi-vip-osamaksu\/","title":{"rendered":"J\u00e4nnitt\u00e4j\u00e4n verkkokurssi VIP"},"content":{"rendered":"","protected":false},"excerpt":{"rendered":"<p class=\"_sumo_pp_plan_description\">Maksu veloitetaan kortilta automaattisesti kuukauden v\u00e4lein<\/p>\n<div class=\"_sumo_pp_plan_view_more\"><\/div>\n","protected":false},"featured_media":35082,"template":"","meta":[],"product_brand":[],"product_visibility":[7,6],"product_cat":[31],"product_tag":[],"product_shipping_class":[],"class_list":{"0":"post-32811","1":"product","2":"type-product","3":"status-publish","4":"has-post-thumbnail","6":"product_cat-jannittaminen","8":"first","9":"instock","10":"virtual","11":"sold-individually","12":"taxable","13":"purchasable","14":"product-type-course"},"_links":{"self":[{"href":"https:\/\/jannittajanverkkokurssi.com\/ryhma14\/wp-json\/wp\/v2\/product\/32811","targetHints":{"allow":["GET"]}}],"collection":[{"href":"https:\/\/jannittajanverkkokurssi.com\/ryhma14\/wp-json\/wp\/v2\/product"}],"about":[{"href":"https:\/\/jannittajanverkkokurssi.com\/ryhma14\/wp-json\/wp\/v2\/types\/product"}],"wp:featuredmedia":[{"embeddable":true,"href":"https:\/\/jannittajanverkkokurssi.com\/ryhma14\/wp-json\/wp\/v2\/media\/35082"}],"wp:attachment":[{"href":"https:\/\/jannittajanverkkokurssi.com\/ryhma14\/wp-json\/wp\/v2\/media?parent=32811"}],"wp:term":[{"taxonomy":"product_brand","embeddable":true,"href":"https:\/\/jannittajanverkkokurssi.com\/ryhma14\/wp-json\/wp\/v2\/product_brand?post=32811"},{"taxonomy":"product_visibility","embeddable":true,"href":"https:\/\/jannittajanverkkokurssi.com\/ryhma14\/wp-json\/wp\/v2\/product_visibility?post=32811"},{"taxonomy":"product_cat","embeddable":true,"href":"https:\/\/jannittajanverkkokurssi.com\/ryhma14\/wp-json\/wp\/v2\/product_cat?post=32811"},{"taxonomy":"product_tag","embeddable":true,"href":"https:\/\/jannittajanverkkokurssi.com\/ryhma14\/wp-json\/wp\/v2\/product_tag?post=32811"},{"taxonomy":"product_shipping_class","embeddable":true,"href":"https:\/\/jannittajanverkkokurssi.com\/ryhma14\/wp-json\/wp\/v2\/product_shipping_class?post=32811"}],"curies":[{"name":"wp","href":"https:\/\/api.w.org\/{rel}","templated":true}]}}