{"id":39,"date":"2021-04-18T17:55:17","date_gmt":"2021-04-18T14:55:17","guid":{"rendered":"https:\/\/www.hellamieli.fi\/verkkokurssi\/ryhma6\/?page_id=39"},"modified":"2025-11-10T02:20:25","modified_gmt":"2025-11-10T00:20:25","slug":"kirjaudu-sisaan","status":"publish","type":"page","link":"https:\/\/jannittajanverkkokurssi.com\/ryhma15\/","title":{"rendered":"Kirjaudu sis\u00e4\u00e4n"},"content":{"rendered":"\t\t<div data-elementor-type=\"wp-page\" data-elementor-id=\"39\" class=\"elementor elementor-39\" data-elementor-post-type=\"page\">\n\t\t\t\t\t\t<section class=\"elementor-section elementor-top-section elementor-element elementor-element-67615d37 elementor-section-full_width elementor-section-height-default elementor-section-height-default\" data-id=\"67615d37\" data-element_type=\"section\" data-settings=\"{&quot;background_background&quot;:&quot;classic&quot;}\">\n\t\t\t\t\t\t<div class=\"elementor-container elementor-column-gap-default\">\n\t\t\t\t\t<div class=\"elementor-column elementor-col-25 elementor-top-column elementor-element elementor-element-1d963583\" data-id=\"1d963583\" data-element_type=\"column\">\n\t\t\t<div class=\"elementor-widget-wrap\">\n\t\t\t\t\t\t\t<\/div>\n\t\t<\/div>\n\t\t\t\t<div class=\"elementor-column elementor-col-50 elementor-top-column elementor-element elementor-element-56aed25f\" data-id=\"56aed25f\" data-element_type=\"column\">\n\t\t\t<div class=\"elementor-widget-wrap elementor-element-populated\">\n\t\t\t\t\t\t<div class=\"elementor-element elementor-element-7ab5162 elementor-widget elementor-widget-spacer\" data-id=\"7ab5162\" data-element_type=\"widget\" data-widget_type=\"spacer.default\">\n\t\t\t\t<div class=\"elementor-widget-container\">\n\t\t\t\t\t<div class=\"elementor-spacer\">\n\t\t\t<div class=\"elementor-spacer-inner\"><\/div>\n\t\t<\/div>\n\t\t\t\t<\/div>\n\t\t\t\t<\/div>\n\t\t\t\t<div class=\"elementor-element elementor-element-55f33855 elementor-widget elementor-widget-image\" data-id=\"55f33855\" data-element_type=\"widget\" data-widget_type=\"image.default\">\n\t\t\t\t<div class=\"elementor-widget-container\">\n\t\t\t\t\t\t\t\t\t\t\t\t\t<img decoding=\"async\" src=\"https:\/\/jannittajanverkkokurssi.com\/ryhma15\/wp-content\/uploads\/2021\/06\/logo-svg.svg\" title=\"logo-svg\" alt=\"logo-svg\" loading=\"lazy\" \/>\t\t\t\t\t\t\t\t\t\t\t\t\t<\/div>\n\t\t\t\t<\/div>\n\t\t\t\t<div class=\"elementor-element elementor-element-472c19bb elementor-widget elementor-widget-heading\" data-id=\"472c19bb\" data-element_type=\"widget\" data-widget_type=\"heading.default\">\n\t\t\t\t<div class=\"elementor-widget-container\">\n\t\t\t<h2 class=\"elementor-heading-title elementor-size-default\">Tervetuloa<br> J\u00e4nnitt\u00e4j\u00e4n verkkokurssille!<\/h2>\t\t<\/div>\n\t\t\t\t<\/div>\n\t\t\t\t<div class=\"elementor-element elementor-element-4f1eb7d4 elementor-widget elementor-widget-image\" data-id=\"4f1eb7d4\" data-element_type=\"widget\" data-widget_type=\"image.default\">\n\t\t\t\t<div class=\"elementor-widget-container\">\n\t\t\t\t\t\t\t\t\t\t\t\t\t<img fetchpriority=\"high\" decoding=\"async\" width=\"1024\" height=\"410\" src=\"https:\/\/jannittajanverkkokurssi.com\/ryhma15\/wp-content\/uploads\/2025\/04\/Kohti-kehon-turvaa-login-banner-landscape-small-1024x410.jpg\" class=\"attachment-large size-large wp-image-36161\" alt=\"\" srcset=\"https:\/\/jannittajanverkkokurssi.com\/ryhma15\/wp-content\/uploads\/2025\/04\/Kohti-kehon-turvaa-login-banner-landscape-small-1024x410.jpg 1024w, https:\/\/jannittajanverkkokurssi.com\/ryhma15\/wp-content\/uploads\/2025\/04\/Kohti-kehon-turvaa-login-banner-landscape-small-600x241.jpg 600w, https:\/\/jannittajanverkkokurssi.com\/ryhma15\/wp-content\/uploads\/2025\/04\/Kohti-kehon-turvaa-login-banner-landscape-small-300x120.jpg 300w, https:\/\/jannittajanverkkokurssi.com\/ryhma15\/wp-content\/uploads\/2025\/04\/Kohti-kehon-turvaa-login-banner-landscape-small-768x308.jpg 768w, https:\/\/jannittajanverkkokurssi.com\/ryhma15\/wp-content\/uploads\/2025\/04\/Kohti-kehon-turvaa-login-banner-landscape-small.jpg 1200w\" sizes=\"(max-width: 1024px) 100vw, 1024px\" \/>\t\t\t\t\t\t\t\t\t\t\t\t\t<\/div>\n\t\t\t\t<\/div>\n\t\t\t\t<div class=\"elementor-element elementor-element-42f8981 elementor-widget elementor-widget-text-editor\" data-id=\"42f8981\" data-element_type=\"widget\" data-widget_type=\"text-editor.default\">\n\t\t\t\t<div class=\"elementor-widget-container\">\n\t\t\t\t\t\t\t<p>\n<div class=\"um um-login um-30230\">\n\t<div class=\"um-form\">\n\t\t<form method=\"post\" action=\"\" autocomplete=\"off\">\n\t\t\t<div class=\"um-row _um_row_1 \" style=\"margin: 0 0 30px 0;\"><div class=\"um-col-1\"><div  id=\"um_field_30230_username\" class=\"um-field um-field-text  um-field-username um-field-text um-field-type_text\" data-key=\"username\"><div class=\"um-field-label\"><label for=\"username-30230\">K\u00e4ytt\u00e4j\u00e4tunnus tai s\u00e4hk\u00f6postiosoite<\/label><div class=\"um-clear\"><\/div><\/div><div class=\"um-field-area\"><input  autocomplete=\"off\" class=\"um-form-field valid \" type=\"text\" name=\"username-30230\" id=\"username-30230\" value=\"\" placeholder=\"\" data-validate=\"unique_username_or_email\" data-key=\"username\"  aria-invalid=\"false\" \/>\n\n\t\t\t\t\t\t<\/div><\/div><div  id=\"um_field_30230_user_password\" class=\"um-field um-field-password  um-field-user_password um-field-password um-field-type_password\" data-key=\"user_password\"><div class=\"um-field-label\"><label for=\"user_password-30230\">Salasana<\/label><div class=\"um-clear\"><\/div><\/div><div class=\"um-field-area\"><input class=\"um-form-field valid \" type=\"password\" name=\"user_password-30230\" id=\"user_password-30230\" value=\"\" placeholder=\"\" data-validate=\"\" data-key=\"user_password\"  aria-invalid=\"false\" \/>\n\n\t\t\t\t\t\t\t<\/div><\/div><\/div><\/div>\t<input type=\"hidden\" name=\"form_id\" id=\"form_id_30230\" value=\"30230\" \/>\n\t\t<p class=\"um_request_name\">\n\t\t<label for=\"um_request_30230\">Only fill in if you are not human<\/label>\n\t\t<input type=\"hidden\" name=\"um_request\" id=\"um_request_30230\" class=\"input\" value=\"\" size=\"25\" autocomplete=\"off\" \/>\n\t<\/p>\n\t<input type=\"hidden\" name=\"redirect_to\" id=\"redirect_to\" value=\"https:\/\/jannittajanverkkokurssi.com\/ryhma15\/courses\/jannittajanverkkokurssi\/\" \/><input type=\"hidden\" id=\"_wpnonce\" name=\"_wpnonce\" value=\"343b43221b\" \/><input type=\"hidden\" name=\"_wp_http_referer\" value=\"\/ryhma15\/wp-json\/wp\/v2\/pages\/39\" \/>\n\t<div class=\"um-col-alt\">\n\n\t\t\n\n\t\t\t<div class=\"um-field um-field-c\">\n\t\t\t\t<div class=\"um-field-area\">\n\t\t\t\t\t<label class=\"um-field-checkbox\">\n\t\t\t\t\t\t<input type=\"checkbox\" name=\"rememberme\" value=\"1\"  \/>\n\t\t\t\t\t\t<span class=\"um-field-checkbox-state\"><i class=\"um-icon-android-checkbox-outline-blank\"><\/i><\/span>\n\t\t\t\t\t\t<span class=\"um-field-checkbox-option\"> Pid\u00e4 minut kirjautuneena<\/span>\n\t\t\t\t\t<\/label>\n\t\t\t\t<\/div>\n\t\t\t<\/div>\n\n\t\t\t\t\t\t<div class=\"um-clear\"><\/div>\n\t\t\n\t\t\t<div class=\"um-center\">\n\t\t\t\t<input type=\"submit\" value=\"Kirjaudu sis\u00e4\u00e4n\" class=\"um-button\" id=\"um-submit-btn\" \/>\n\t\t\t<\/div>\n\n\t\t\n\t\t<div class=\"um-clear\"><\/div>\n\n\t<\/div>\n\n\t\n\t<div class=\"um-col-alt-b\">\n\t\t<a href=\"https:\/\/jannittajanverkkokurssi.com\/ryhma15\/salasanan-nollaus\/\" class=\"um-link-alt\">\n\t\t\tUnohditko salasanasi?\t\t<\/a>\n\t<\/div>\n\n\t\t\t<\/form>\n\t<\/div>\n<\/div>\n<style>\n\t\t\t.um-30230.um {\n\t\t\tmax-width: 450px;\n\t\t}\n\t\t<\/style>\n<\/p>\t\t\t\t\t\t<\/div>\n\t\t\t\t<\/div>\n\t\t\t\t<div class=\"elementor-element elementor-element-61686847 elementor-widget elementor-widget-spacer\" data-id=\"61686847\" data-element_type=\"widget\" data-widget_type=\"spacer.default\">\n\t\t\t\t<div class=\"elementor-widget-container\">\n\t\t\t\t\t<div class=\"elementor-spacer\">\n\t\t\t<div class=\"elementor-spacer-inner\"><\/div>\n\t\t<\/div>\n\t\t\t\t<\/div>\n\t\t\t\t<\/div>\n\t\t\t\t\t<\/div>\n\t\t<\/div>\n\t\t\t\t<div class=\"elementor-column elementor-col-25 elementor-top-column elementor-element elementor-element-5aaef57d\" data-id=\"5aaef57d\" data-element_type=\"column\">\n\t\t\t<div class=\"elementor-widget-wrap\">\n\t\t\t\t\t\t\t<\/div>\n\t\t<\/div>\n\t\t\t\t\t<\/div>\n\t\t<\/section>\n\t\t\t\t<\/div>\n\t\t","protected":false},"excerpt":{"rendered":"<p>Tervetuloa J\u00e4nnitt\u00e4j\u00e4n verkkokurssille! Hei , olet jo kirjautunut sis\u00e4\u00e4n! Jatkaaksesi klikkaa alta Kurssi<\/p>\n","protected":false},"author":1,"featured_media":0,"parent":0,"menu_order":0,"comment_status":"closed","ping_status":"closed","template":"elementor_canvas","meta":{"site-sidebar-layout":"no-sidebar","site-content-layout":"page-builder","ast-site-content-layout":"default","site-content-style":"default","site-sidebar-style":"default","ast-global-header-display":"","ast-banner-title-visibility":"","ast-main-header-display":"","ast-hfb-above-header-display":"","ast-hfb-below-header-display":"","ast-hfb-mobile-header-display":"","site-post-title":"disabled","ast-breadcrumbs-content":"","ast-featured-img":"disabled","footer-sml-layout":"disabled","theme-transparent-header-meta":"default","adv-header-id-meta":"","stick-header-meta":"","header-above-stick-meta":"","header-main-stick-meta":"","header-below-stick-meta":"","astra-migrate-meta-layouts":"default","ast-page-background-enabled":"default","ast-page-background-meta":{"desktop":{"background-color":"","background-image":"","background-repeat":"repeat","background-position":"center center","background-size":"auto","background-attachment":"scroll","background-type":"","background-media":"","overlay-type":"","overlay-color":"","overlay-opacity":"","overlay-gradient":""},"tablet":{"background-color":"","background-image":"","background-repeat":"repeat","background-position":"center center","background-size":"auto","background-attachment":"scroll","background-type":"","background-media":"","overlay-type":"","overlay-color":"","overlay-opacity":"","overlay-gradient":""},"mobile":{"background-color":"","background-image":"","background-repeat":"repeat","background-position":"center center","background-size":"auto","background-attachment":"scroll","background-type":"","background-media":"","overlay-type":"","overlay-color":"","overlay-opacity":"","overlay-gradient":""}},"ast-content-background-meta":{"desktop":{"background-color":"var(--ast-global-color-5)","background-image":"","background-repeat":"repeat","background-position":"center center","background-size":"auto","background-attachment":"scroll","background-type":"","background-media":"","overlay-type":"","overlay-color":"","overlay-opacity":"","overlay-gradient":""},"tablet":{"background-color":"var(--ast-global-color-5)","background-image":"","background-repeat":"repeat","background-position":"center center","background-size":"auto","background-attachment":"scroll","background-type":"","background-media":"","overlay-type":"","overlay-color":"","overlay-opacity":"","overlay-gradient":""},"mobile":{"background-color":"var(--ast-global-color-5)","background-image":"","background-repeat":"repeat","background-position":"center center","background-size":"auto","background-attachment":"scroll","background-type":"","background-media":"","overlay-type":"","overlay-color":"","overlay-opacity":"","overlay-gradient":""}},"footnotes":""},"class_list":["post-39","page","type-page","status-publish","hentry"],"yoast_head":"<!-- This site is optimized with the Yoast SEO plugin v26.3 - https:\/\/yoast.com\/wordpress\/plugins\/seo\/ -->\n<title>Kirjaudu sis\u00e4\u00e4n - J\u00e4nnitt\u00e4j\u00e4n verkkokurssi<\/title>\n<meta name=\"robots\" content=\"index, follow, max-snippet:-1, max-image-preview:large, max-video-preview:-1\" \/>\n<link rel=\"canonical\" href=\"https:\/\/jannittajanverkkokurssi.com\/ryhma15\/\" \/>\n<meta property=\"og:locale\" content=\"fi_FI\" \/>\n<meta property=\"og:type\" content=\"article\" \/>\n<meta property=\"og:title\" content=\"Kirjaudu sis\u00e4\u00e4n - J\u00e4nnitt\u00e4j\u00e4n verkkokurssi\" \/>\n<meta property=\"og:description\" content=\"Tervetuloa J\u00e4nnitt\u00e4j\u00e4n verkkokurssille! Hei , olet jo kirjautunut sis\u00e4\u00e4n! Jatkaaksesi klikkaa alta Kurssi\" \/>\n<meta property=\"og:url\" content=\"https:\/\/jannittajanverkkokurssi.com\/ryhma15\/\" \/>\n<meta property=\"og:site_name\" content=\"J\u00e4nnitt\u00e4j\u00e4n verkkokurssi\" \/>\n<meta property=\"article:modified_time\" content=\"2025-11-10T00:20:25+00:00\" \/>\n<meta property=\"og:image\" content=\"https:\/\/jannittajanverkkokurssi.com\/ryhma15\/wp-content\/uploads\/2021\/06\/logo-svg.svg\" \/>\n<meta name=\"twitter:card\" content=\"summary_large_image\" \/>\n<meta name=\"twitter:label1\" content=\"Arvioitu lukuaika\" \/>\n\t<meta name=\"twitter:data1\" content=\"1 minuutti\" \/>\n<script type=\"application\/ld+json\" class=\"yoast-schema-graph\">{\"@context\":\"https:\/\/schema.org\",\"@graph\":[{\"@type\":\"WebPage\",\"@id\":\"https:\/\/jannittajanverkkokurssi.com\/ryhma15\/\",\"url\":\"https:\/\/jannittajanverkkokurssi.com\/ryhma15\/\",\"name\":\"Kirjaudu sis\u00e4\u00e4n - J\u00e4nnitt\u00e4j\u00e4n verkkokurssi\",\"isPartOf\":{\"@id\":\"https:\/\/jannittajanverkkokurssi.com\/ryhma15\/#website\"},\"primaryImageOfPage\":{\"@id\":\"https:\/\/jannittajanverkkokurssi.com\/ryhma15\/#primaryimage\"},\"image\":{\"@id\":\"https:\/\/jannittajanverkkokurssi.com\/ryhma15\/#primaryimage\"},\"thumbnailUrl\":\"https:\/\/jannittajanverkkokurssi.com\/ryhma15\/wp-content\/uploads\/2021\/06\/logo-svg.svg\",\"datePublished\":\"2021-04-18T14:55:17+00:00\",\"dateModified\":\"2025-11-10T00:20:25+00:00\",\"breadcrumb\":{\"@id\":\"https:\/\/jannittajanverkkokurssi.com\/ryhma15\/#breadcrumb\"},\"inLanguage\":\"fi\",\"potentialAction\":[{\"@type\":\"ReadAction\",\"target\":[\"https:\/\/jannittajanverkkokurssi.com\/ryhma15\/\"]}]},{\"@type\":\"ImageObject\",\"inLanguage\":\"fi\",\"@id\":\"https:\/\/jannittajanverkkokurssi.com\/ryhma15\/#primaryimage\",\"url\":\"https:\/\/jannittajanverkkokurssi.com\/ryhma15\/wp-content\/uploads\/2021\/06\/logo-svg.svg\",\"contentUrl\":\"https:\/\/jannittajanverkkokurssi.com\/ryhma15\/wp-content\/uploads\/2021\/06\/logo-svg.svg\",\"width\":400,\"height\":78,\"caption\":\"logo-svg\"},{\"@type\":\"BreadcrumbList\",\"@id\":\"https:\/\/jannittajanverkkokurssi.com\/ryhma15\/#breadcrumb\",\"itemListElement\":[{\"@type\":\"ListItem\",\"position\":1,\"name\":\"Home\",\"item\":\"https:\/\/jannittajanverkkokurssi.com\/ryhma15\/\"},{\"@type\":\"ListItem\",\"position\":2,\"name\":\"Kirjaudu sis\u00e4\u00e4n\"}]},{\"@type\":\"WebSite\",\"@id\":\"https:\/\/jannittajanverkkokurssi.com\/ryhma15\/#website\",\"url\":\"https:\/\/jannittajanverkkokurssi.com\/ryhma15\/\",\"name\":\"J\u00e4nnitt\u00e4j\u00e4n verkkokurssi\",\"description\":\"Tukea ja apua j\u00e4nnitt\u00e4misen kanssa selvi\u00e4miseen\",\"publisher\":{\"@id\":\"https:\/\/jannittajanverkkokurssi.com\/ryhma15\/#organization\"},\"potentialAction\":[{\"@type\":\"SearchAction\",\"target\":{\"@type\":\"EntryPoint\",\"urlTemplate\":\"https:\/\/jannittajanverkkokurssi.com\/ryhma15\/?s={search_term_string}\"},\"query-input\":{\"@type\":\"PropertyValueSpecification\",\"valueRequired\":true,\"valueName\":\"search_term_string\"}}],\"inLanguage\":\"fi\"},{\"@type\":\"Organization\",\"@id\":\"https:\/\/jannittajanverkkokurssi.com\/ryhma15\/#organization\",\"name\":\"J\u00e4nnitt\u00e4j\u00e4n verkkokurssi\",\"url\":\"https:\/\/jannittajanverkkokurssi.com\/ryhma15\/\",\"logo\":{\"@type\":\"ImageObject\",\"inLanguage\":\"fi\",\"@id\":\"https:\/\/jannittajanverkkokurssi.com\/ryhma15\/#\/schema\/logo\/image\/\",\"url\":\"https:\/\/jannittajanverkkokurssi.com\/ryhma15\/wp-content\/uploads\/2021\/06\/logo-svg.svg\",\"contentUrl\":\"https:\/\/jannittajanverkkokurssi.com\/ryhma15\/wp-content\/uploads\/2021\/06\/logo-svg.svg\",\"width\":400,\"height\":78,\"caption\":\"J\u00e4nnitt\u00e4j\u00e4n verkkokurssi\"},\"image\":{\"@id\":\"https:\/\/jannittajanverkkokurssi.com\/ryhma15\/#\/schema\/logo\/image\/\"}}]}<\/script>\n<!-- \/ Yoast SEO plugin. -->","yoast_head_json":{"title":"Kirjaudu sis\u00e4\u00e4n - J\u00e4nnitt\u00e4j\u00e4n verkkokurssi","robots":{"index":"index","follow":"follow","max-snippet":"max-snippet:-1","max-image-preview":"max-image-preview:large","max-video-preview":"max-video-preview:-1"},"canonical":"https:\/\/jannittajanverkkokurssi.com\/ryhma15\/","og_locale":"fi_FI","og_type":"article","og_title":"Kirjaudu sis\u00e4\u00e4n - J\u00e4nnitt\u00e4j\u00e4n verkkokurssi","og_description":"Tervetuloa J\u00e4nnitt\u00e4j\u00e4n verkkokurssille! Hei , olet jo kirjautunut sis\u00e4\u00e4n! Jatkaaksesi klikkaa alta Kurssi","og_url":"https:\/\/jannittajanverkkokurssi.com\/ryhma15\/","og_site_name":"J\u00e4nnitt\u00e4j\u00e4n verkkokurssi","article_modified_time":"2025-11-10T00:20:25+00:00","og_image":[{"url":"https:\/\/jannittajanverkkokurssi.com\/ryhma15\/wp-content\/uploads\/2021\/06\/logo-svg.svg","type":"","width":"","height":""}],"twitter_card":"summary_large_image","twitter_misc":{"Arvioitu lukuaika":"1 minuutti"},"schema":{"@context":"https:\/\/schema.org","@graph":[{"@type":"WebPage","@id":"https:\/\/jannittajanverkkokurssi.com\/ryhma15\/","url":"https:\/\/jannittajanverkkokurssi.com\/ryhma15\/","name":"Kirjaudu sis\u00e4\u00e4n - J\u00e4nnitt\u00e4j\u00e4n verkkokurssi","isPartOf":{"@id":"https:\/\/jannittajanverkkokurssi.com\/ryhma15\/#website"},"primaryImageOfPage":{"@id":"https:\/\/jannittajanverkkokurssi.com\/ryhma15\/#primaryimage"},"image":{"@id":"https:\/\/jannittajanverkkokurssi.com\/ryhma15\/#primaryimage"},"thumbnailUrl":"https:\/\/jannittajanverkkokurssi.com\/ryhma15\/wp-content\/uploads\/2021\/06\/logo-svg.svg","datePublished":"2021-04-18T14:55:17+00:00","dateModified":"2025-11-10T00:20:25+00:00","breadcrumb":{"@id":"https:\/\/jannittajanverkkokurssi.com\/ryhma15\/#breadcrumb"},"inLanguage":"fi","potentialAction":[{"@type":"ReadAction","target":["https:\/\/jannittajanverkkokurssi.com\/ryhma15\/"]}]},{"@type":"ImageObject","inLanguage":"fi","@id":"https:\/\/jannittajanverkkokurssi.com\/ryhma15\/#primaryimage","url":"https:\/\/jannittajanverkkokurssi.com\/ryhma15\/wp-content\/uploads\/2021\/06\/logo-svg.svg","contentUrl":"https:\/\/jannittajanverkkokurssi.com\/ryhma15\/wp-content\/uploads\/2021\/06\/logo-svg.svg","width":400,"height":78,"caption":"logo-svg"},{"@type":"BreadcrumbList","@id":"https:\/\/jannittajanverkkokurssi.com\/ryhma15\/#breadcrumb","itemListElement":[{"@type":"ListItem","position":1,"name":"Home","item":"https:\/\/jannittajanverkkokurssi.com\/ryhma15\/"},{"@type":"ListItem","position":2,"name":"Kirjaudu sis\u00e4\u00e4n"}]},{"@type":"WebSite","@id":"https:\/\/jannittajanverkkokurssi.com\/ryhma15\/#website","url":"https:\/\/jannittajanverkkokurssi.com\/ryhma15\/","name":"J\u00e4nnitt\u00e4j\u00e4n verkkokurssi","description":"Tukea ja apua j\u00e4nnitt\u00e4misen kanssa selvi\u00e4miseen","publisher":{"@id":"https:\/\/jannittajanverkkokurssi.com\/ryhma15\/#organization"},"potentialAction":[{"@type":"SearchAction","target":{"@type":"EntryPoint","urlTemplate":"https:\/\/jannittajanverkkokurssi.com\/ryhma15\/?s={search_term_string}"},"query-input":{"@type":"PropertyValueSpecification","valueRequired":true,"valueName":"search_term_string"}}],"inLanguage":"fi"},{"@type":"Organization","@id":"https:\/\/jannittajanverkkokurssi.com\/ryhma15\/#organization","name":"J\u00e4nnitt\u00e4j\u00e4n verkkokurssi","url":"https:\/\/jannittajanverkkokurssi.com\/ryhma15\/","logo":{"@type":"ImageObject","inLanguage":"fi","@id":"https:\/\/jannittajanverkkokurssi.com\/ryhma15\/#\/schema\/logo\/image\/","url":"https:\/\/jannittajanverkkokurssi.com\/ryhma15\/wp-content\/uploads\/2021\/06\/logo-svg.svg","contentUrl":"https:\/\/jannittajanverkkokurssi.com\/ryhma15\/wp-content\/uploads\/2021\/06\/logo-svg.svg","width":400,"height":78,"caption":"J\u00e4nnitt\u00e4j\u00e4n verkkokurssi"},"image":{"@id":"https:\/\/jannittajanverkkokurssi.com\/ryhma15\/#\/schema\/logo\/image\/"}}]}},"_links":{"self":[{"href":"https:\/\/jannittajanverkkokurssi.com\/ryhma15\/wp-json\/wp\/v2\/pages\/39","targetHints":{"allow":["GET"]}}],"collection":[{"href":"https:\/\/jannittajanverkkokurssi.com\/ryhma15\/wp-json\/wp\/v2\/pages"}],"about":[{"href":"https:\/\/jannittajanverkkokurssi.com\/ryhma15\/wp-json\/wp\/v2\/types\/page"}],"author":[{"embeddable":true,"href":"https:\/\/jannittajanverkkokurssi.com\/ryhma15\/wp-json\/wp\/v2\/users\/1"}],"replies":[{"embeddable":true,"href":"https:\/\/jannittajanverkkokurssi.com\/ryhma15\/wp-json\/wp\/v2\/comments?post=39"}],"version-history":[{"count":101,"href":"https:\/\/jannittajanverkkokurssi.com\/ryhma15\/wp-json\/wp\/v2\/pages\/39\/revisions"}],"predecessor-version":[{"id":36965,"href":"https:\/\/jannittajanverkkokurssi.com\/ryhma15\/wp-json\/wp\/v2\/pages\/39\/revisions\/36965"}],"wp:attachment":[{"href":"https:\/\/jannittajanverkkokurssi.com\/ryhma15\/wp-json\/wp\/v2\/media?parent=39"}],"curies":[{"name":"wp","href":"https:\/\/api.w.org\/{rel}","templated":true}]}}