{"id":25280,"date":"2021-04-20T15:39:00","date_gmt":"2021-04-20T12:39:00","guid":{"rendered":"https:\/\/www.hellamieli.fi\/verkkokurssi\/ryhma6\/?post_type=product&#038;p=25280"},"modified":"2025-10-28T15:50:21","modified_gmt":"2025-10-28T13:50:21","slug":"jannittajan-verkkokurssi-perus","status":"publish","type":"product","link":"https:\/\/jannittajanverkkokurssi.com\/ryhma15\/shop\/jannittajan-verkkokurssi-perus\/","title":{"rendered":"J\u00e4nnitt\u00e4j\u00e4n verkkokurssi PERUS"},"content":{"rendered":"","protected":false},"excerpt":{"rendered":"","protected":false},"featured_media":35082,"template":"","meta":{"site-sidebar-layout":"no-sidebar","site-content-layout":"plain-container","ast-site-content-layout":"normal-width-container","site-content-style":"unboxed","site-sidebar-style":"unboxed","ast-global-header-display":"","ast-banner-title-visibility":"","ast-main-header-display":"","ast-hfb-above-header-display":"","ast-hfb-below-header-display":"","ast-hfb-mobile-header-display":"","site-post-title":"","ast-breadcrumbs-content":"","ast-featured-img":"","footer-sml-layout":"disabled","theme-transparent-header-meta":"default","adv-header-id-meta":"","stick-header-meta":"","header-above-stick-meta":"","header-main-stick-meta":"","header-below-stick-meta":"","astra-migrate-meta-layouts":"set","ast-page-background-enabled":"default","ast-page-background-meta":{"desktop":{"background-color":"","background-image":"","background-repeat":"repeat","background-position":"center center","background-size":"auto","background-attachment":"scroll","background-type":"","background-media":"","overlay-type":"","overlay-color":"","overlay-opacity":"","overlay-gradient":""},"tablet":{"background-color":"","background-image":"","background-repeat":"repeat","background-position":"center center","background-size":"auto","background-attachment":"scroll","background-type":"","background-media":"","overlay-type":"","overlay-color":"","overlay-opacity":"","overlay-gradient":""},"mobile":{"background-color":"","background-image":"","background-repeat":"repeat","background-position":"center center","background-size":"auto","background-attachment":"scroll","background-type":"","background-media":"","overlay-type":"","overlay-color":"","overlay-opacity":"","overlay-gradient":""}},"ast-content-background-meta":{"desktop":{"background-color":"var(--ast-global-color-5)","background-image":"","background-repeat":"repeat","background-position":"center center","background-size":"auto","background-attachment":"scroll","background-type":"","background-media":"","overlay-type":"","overlay-color":"","overlay-opacity":"","overlay-gradient":""},"tablet":{"background-color":"var(--ast-global-color-5)","background-image":"","background-repeat":"repeat","background-position":"center center","background-size":"auto","background-attachment":"scroll","background-type":"","background-media":"","overlay-type":"","overlay-color":"","overlay-opacity":"","overlay-gradient":""},"mobile":{"background-color":"var(--ast-global-color-5)","background-image":"","background-repeat":"repeat","background-position":"center center","background-size":"auto","background-attachment":"scroll","background-type":"","background-media":"","overlay-type":"","overlay-color":"","overlay-opacity":"","overlay-gradient":""}}},"product_brand":[],"product_visibility":[6],"product_cat":[31],"product_tag":[],"product_shipping_class":[],"class_list":{"0":"post-25280","1":"product","2":"type-product","3":"status-publish","4":"has-post-thumbnail","6":"product_cat-jannittaminen","7":"desktop-align-left","8":"tablet-align-left","9":"mobile-align-left","11":"first","12":"instock","13":"downloadable","14":"virtual","15":"sold-individually","16":"taxable","17":"purchasable","18":"product-type-simple"},"yoast_head":"<!-- This site is optimized with the Yoast SEO plugin v26.3 - https:\/\/yoast.com\/wordpress\/plugins\/seo\/ -->\n<title>J\u00e4nnitt\u00e4j\u00e4n verkkokurssi PERUS - J\u00e4nnitt\u00e4j\u00e4n verkkokurssi<\/title>\n<meta name=\"robots\" content=\"index, follow, max-snippet:-1, max-image-preview:large, max-video-preview:-1\" \/>\n<link rel=\"canonical\" href=\"https:\/\/jannittajanverkkokurssi.com\/ryhma15\/product\/jannittajan-verkkokurssi\/\" \/>\n<meta property=\"og:locale\" content=\"fi_FI\" \/>\n<meta property=\"og:type\" content=\"article\" \/>\n<meta property=\"og:title\" content=\"J\u00e4nnitt\u00e4j\u00e4n verkkokurssi PERUS - J\u00e4nnitt\u00e4j\u00e4n verkkokurssi\" \/>\n<meta property=\"og:url\" content=\"https:\/\/jannittajanverkkokurssi.com\/ryhma15\/product\/jannittajan-verkkokurssi\/\" \/>\n<meta property=\"og:site_name\" content=\"J\u00e4nnitt\u00e4j\u00e4n verkkokurssi\" \/>\n<meta property=\"article:modified_time\" content=\"2025-10-28T13:50:21+00:00\" \/>\n<meta property=\"og:image\" content=\"https:\/\/jannittajanverkkokurssi.com\/ryhma15\/wp-content\/uploads\/2021\/04\/course_feature_image-v2-1.jpg\" \/>\n\t<meta property=\"og:image:width\" content=\"745\" \/>\n\t<meta property=\"og:image:height\" content=\"501\" \/>\n\t<meta property=\"og:image:type\" content=\"image\/jpeg\" \/>\n<meta name=\"twitter:card\" content=\"summary_large_image\" \/>\n<script type=\"application\/ld+json\" class=\"yoast-schema-graph\">{\"@context\":\"https:\/\/schema.org\",\"@graph\":[{\"@type\":\"WebPage\",\"@id\":\"https:\/\/jannittajanverkkokurssi.com\/ryhma15\/product\/jannittajan-verkkokurssi\/\",\"url\":\"https:\/\/jannittajanverkkokurssi.com\/ryhma15\/product\/jannittajan-verkkokurssi\/\",\"name\":\"J\u00e4nnitt\u00e4j\u00e4n verkkokurssi PERUS - J\u00e4nnitt\u00e4j\u00e4n verkkokurssi\",\"isPartOf\":{\"@id\":\"https:\/\/jannittajanverkkokurssi.com\/ryhma15\/#website\"},\"primaryImageOfPage\":{\"@id\":\"https:\/\/jannittajanverkkokurssi.com\/ryhma15\/product\/jannittajan-verkkokurssi\/#primaryimage\"},\"image\":{\"@id\":\"https:\/\/jannittajanverkkokurssi.com\/ryhma15\/product\/jannittajan-verkkokurssi\/#primaryimage\"},\"thumbnailUrl\":\"https:\/\/jannittajanverkkokurssi.com\/ryhma15\/wp-content\/uploads\/2023\/08\/Jannittajan-verkkokurssi-Poster-opt.jpg\",\"datePublished\":\"2021-04-20T12:39:00+00:00\",\"dateModified\":\"2025-10-28T13:50:21+00:00\",\"breadcrumb\":{\"@id\":\"https:\/\/jannittajanverkkokurssi.com\/ryhma15\/product\/jannittajan-verkkokurssi\/#breadcrumb\"},\"inLanguage\":\"fi\",\"potentialAction\":[{\"@type\":\"ReadAction\",\"target\":[\"https:\/\/jannittajanverkkokurssi.com\/ryhma15\/product\/jannittajan-verkkokurssi\/\"]}]},{\"@type\":\"ImageObject\",\"inLanguage\":\"fi\",\"@id\":\"https:\/\/jannittajanverkkokurssi.com\/ryhma15\/product\/jannittajan-verkkokurssi\/#primaryimage\",\"url\":\"https:\/\/jannittajanverkkokurssi.com\/ryhma15\/wp-content\/uploads\/2023\/08\/Jannittajan-verkkokurssi-Poster-opt.jpg\",\"contentUrl\":\"https:\/\/jannittajanverkkokurssi.com\/ryhma15\/wp-content\/uploads\/2023\/08\/Jannittajan-verkkokurssi-Poster-opt.jpg\",\"width\":1024,\"height\":817,\"caption\":\"J\u00e4nnitt\u00e4j\u00e4n verkkokurssi-Poster-opt\"},{\"@type\":\"BreadcrumbList\",\"@id\":\"https:\/\/jannittajanverkkokurssi.com\/ryhma15\/product\/jannittajan-verkkokurssi\/#breadcrumb\",\"itemListElement\":[{\"@type\":\"ListItem\",\"position\":1,\"name\":\"Home\",\"item\":\"https:\/\/jannittajanverkkokurssi.com\/ryhma15\/\"},{\"@type\":\"ListItem\",\"position\":2,\"name\":\"Shop\",\"item\":\"https:\/\/jannittajanverkkokurssi.com\/ryhma15\/shop\/\"},{\"@type\":\"ListItem\",\"position\":3,\"name\":\"J\u00e4nnitt\u00e4j\u00e4n verkkokurssi\"}]},{\"@type\":\"WebSite\",\"@id\":\"https:\/\/jannittajanverkkokurssi.com\/ryhma15\/#website\",\"url\":\"https:\/\/jannittajanverkkokurssi.com\/ryhma15\/\",\"name\":\"J\u00e4nnitt\u00e4j\u00e4n verkkokurssi\",\"description\":\"Tukea ja apua j\u00e4nnitt\u00e4misen kanssa selvi\u00e4miseen\",\"publisher\":{\"@id\":\"https:\/\/jannittajanverkkokurssi.com\/ryhma15\/#organization\"},\"potentialAction\":[{\"@type\":\"SearchAction\",\"target\":{\"@type\":\"EntryPoint\",\"urlTemplate\":\"https:\/\/jannittajanverkkokurssi.com\/ryhma15\/?s={search_term_string}\"},\"query-input\":{\"@type\":\"PropertyValueSpecification\",\"valueRequired\":true,\"valueName\":\"search_term_string\"}}],\"inLanguage\":\"fi\"},{\"@type\":\"Organization\",\"@id\":\"https:\/\/jannittajanverkkokurssi.com\/ryhma15\/#organization\",\"name\":\"J\u00e4nnitt\u00e4j\u00e4n verkkokurssi\",\"url\":\"https:\/\/jannittajanverkkokurssi.com\/ryhma15\/\",\"logo\":{\"@type\":\"ImageObject\",\"inLanguage\":\"fi\",\"@id\":\"https:\/\/jannittajanverkkokurssi.com\/ryhma15\/#\/schema\/logo\/image\/\",\"url\":\"https:\/\/jannittajanverkkokurssi.com\/ryhma15\/wp-content\/uploads\/2021\/06\/logo-svg.svg\",\"contentUrl\":\"https:\/\/jannittajanverkkokurssi.com\/ryhma15\/wp-content\/uploads\/2021\/06\/logo-svg.svg\",\"width\":400,\"height\":78,\"caption\":\"J\u00e4nnitt\u00e4j\u00e4n verkkokurssi\"},\"image\":{\"@id\":\"https:\/\/jannittajanverkkokurssi.com\/ryhma15\/#\/schema\/logo\/image\/\"}}]}<\/script>\n<!-- \/ Yoast SEO plugin. -->","yoast_head_json":{"title":"J\u00e4nnitt\u00e4j\u00e4n verkkokurssi PERUS - J\u00e4nnitt\u00e4j\u00e4n verkkokurssi","robots":{"index":"index","follow":"follow","max-snippet":"max-snippet:-1","max-image-preview":"max-image-preview:large","max-video-preview":"max-video-preview:-1"},"canonical":"https:\/\/jannittajanverkkokurssi.com\/ryhma15\/product\/jannittajan-verkkokurssi\/","og_locale":"fi_FI","og_type":"article","og_title":"J\u00e4nnitt\u00e4j\u00e4n verkkokurssi PERUS - J\u00e4nnitt\u00e4j\u00e4n verkkokurssi","og_url":"https:\/\/jannittajanverkkokurssi.com\/ryhma15\/product\/jannittajan-verkkokurssi\/","og_site_name":"J\u00e4nnitt\u00e4j\u00e4n verkkokurssi","article_modified_time":"2025-10-28T13:50:21+00:00","og_image":[{"width":745,"height":501,"url":"https:\/\/jannittajanverkkokurssi.com\/ryhma15\/wp-content\/uploads\/2021\/04\/course_feature_image-v2-1.jpg","type":"image\/jpeg"}],"twitter_card":"summary_large_image","schema":{"@context":"https:\/\/schema.org","@graph":[{"@type":"WebPage","@id":"https:\/\/jannittajanverkkokurssi.com\/ryhma15\/product\/jannittajan-verkkokurssi\/","url":"https:\/\/jannittajanverkkokurssi.com\/ryhma15\/product\/jannittajan-verkkokurssi\/","name":"J\u00e4nnitt\u00e4j\u00e4n verkkokurssi PERUS - J\u00e4nnitt\u00e4j\u00e4n verkkokurssi","isPartOf":{"@id":"https:\/\/jannittajanverkkokurssi.com\/ryhma15\/#website"},"primaryImageOfPage":{"@id":"https:\/\/jannittajanverkkokurssi.com\/ryhma15\/product\/jannittajan-verkkokurssi\/#primaryimage"},"image":{"@id":"https:\/\/jannittajanverkkokurssi.com\/ryhma15\/product\/jannittajan-verkkokurssi\/#primaryimage"},"thumbnailUrl":"https:\/\/jannittajanverkkokurssi.com\/ryhma15\/wp-content\/uploads\/2023\/08\/Jannittajan-verkkokurssi-Poster-opt.jpg","datePublished":"2021-04-20T12:39:00+00:00","dateModified":"2025-10-28T13:50:21+00:00","breadcrumb":{"@id":"https:\/\/jannittajanverkkokurssi.com\/ryhma15\/product\/jannittajan-verkkokurssi\/#breadcrumb"},"inLanguage":"fi","potentialAction":[{"@type":"ReadAction","target":["https:\/\/jannittajanverkkokurssi.com\/ryhma15\/product\/jannittajan-verkkokurssi\/"]}]},{"@type":"ImageObject","inLanguage":"fi","@id":"https:\/\/jannittajanverkkokurssi.com\/ryhma15\/product\/jannittajan-verkkokurssi\/#primaryimage","url":"https:\/\/jannittajanverkkokurssi.com\/ryhma15\/wp-content\/uploads\/2023\/08\/Jannittajan-verkkokurssi-Poster-opt.jpg","contentUrl":"https:\/\/jannittajanverkkokurssi.com\/ryhma15\/wp-content\/uploads\/2023\/08\/Jannittajan-verkkokurssi-Poster-opt.jpg","width":1024,"height":817,"caption":"J\u00e4nnitt\u00e4j\u00e4n verkkokurssi-Poster-opt"},{"@type":"BreadcrumbList","@id":"https:\/\/jannittajanverkkokurssi.com\/ryhma15\/product\/jannittajan-verkkokurssi\/#breadcrumb","itemListElement":[{"@type":"ListItem","position":1,"name":"Home","item":"https:\/\/jannittajanverkkokurssi.com\/ryhma15\/"},{"@type":"ListItem","position":2,"name":"Shop","item":"https:\/\/jannittajanverkkokurssi.com\/ryhma15\/shop\/"},{"@type":"ListItem","position":3,"name":"J\u00e4nnitt\u00e4j\u00e4n verkkokurssi"}]},{"@type":"WebSite","@id":"https:\/\/jannittajanverkkokurssi.com\/ryhma15\/#website","url":"https:\/\/jannittajanverkkokurssi.com\/ryhma15\/","name":"J\u00e4nnitt\u00e4j\u00e4n verkkokurssi","description":"Tukea ja apua j\u00e4nnitt\u00e4misen kanssa selvi\u00e4miseen","publisher":{"@id":"https:\/\/jannittajanverkkokurssi.com\/ryhma15\/#organization"},"potentialAction":[{"@type":"SearchAction","target":{"@type":"EntryPoint","urlTemplate":"https:\/\/jannittajanverkkokurssi.com\/ryhma15\/?s={search_term_string}"},"query-input":{"@type":"PropertyValueSpecification","valueRequired":true,"valueName":"search_term_string"}}],"inLanguage":"fi"},{"@type":"Organization","@id":"https:\/\/jannittajanverkkokurssi.com\/ryhma15\/#organization","name":"J\u00e4nnitt\u00e4j\u00e4n verkkokurssi","url":"https:\/\/jannittajanverkkokurssi.com\/ryhma15\/","logo":{"@type":"ImageObject","inLanguage":"fi","@id":"https:\/\/jannittajanverkkokurssi.com\/ryhma15\/#\/schema\/logo\/image\/","url":"https:\/\/jannittajanverkkokurssi.com\/ryhma15\/wp-content\/uploads\/2021\/06\/logo-svg.svg","contentUrl":"https:\/\/jannittajanverkkokurssi.com\/ryhma15\/wp-content\/uploads\/2021\/06\/logo-svg.svg","width":400,"height":78,"caption":"J\u00e4nnitt\u00e4j\u00e4n verkkokurssi"},"image":{"@id":"https:\/\/jannittajanverkkokurssi.com\/ryhma15\/#\/schema\/logo\/image\/"}}]}},"_links":{"self":[{"href":"https:\/\/jannittajanverkkokurssi.com\/ryhma15\/wp-json\/wp\/v2\/product\/25280","targetHints":{"allow":["GET"]}}],"collection":[{"href":"https:\/\/jannittajanverkkokurssi.com\/ryhma15\/wp-json\/wp\/v2\/product"}],"about":[{"href":"https:\/\/jannittajanverkkokurssi.com\/ryhma15\/wp-json\/wp\/v2\/types\/product"}],"wp:featuredmedia":[{"embeddable":true,"href":"https:\/\/jannittajanverkkokurssi.com\/ryhma15\/wp-json\/wp\/v2\/media\/35082"}],"wp:attachment":[{"href":"https:\/\/jannittajanverkkokurssi.com\/ryhma15\/wp-json\/wp\/v2\/media?parent=25280"}],"wp:term":[{"taxonomy":"product_brand","embeddable":true,"href":"https:\/\/jannittajanverkkokurssi.com\/ryhma15\/wp-json\/wp\/v2\/product_brand?post=25280"},{"taxonomy":"product_visibility","embeddable":true,"href":"https:\/\/jannittajanverkkokurssi.com\/ryhma15\/wp-json\/wp\/v2\/product_visibility?post=25280"},{"taxonomy":"product_cat","embeddable":true,"href":"https:\/\/jannittajanverkkokurssi.com\/ryhma15\/wp-json\/wp\/v2\/product_cat?post=25280"},{"taxonomy":"product_tag","embeddable":true,"href":"https:\/\/jannittajanverkkokurssi.com\/ryhma15\/wp-json\/wp\/v2\/product_tag?post=25280"},{"taxonomy":"product_shipping_class","embeddable":true,"href":"https:\/\/jannittajanverkkokurssi.com\/ryhma15\/wp-json\/wp\/v2\/product_shipping_class?post=25280"}],"curies":[{"name":"wp","href":"https:\/\/api.w.org\/{rel}","templated":true}]}}