{"id":1187,"date":"2024-10-05T00:36:17","date_gmt":"2024-10-05T00:36:17","guid":{"rendered":"https:\/\/jannittajanverkkokurssi.com\/webinar\/?page_id=1187"},"modified":"2024-10-05T00:48:01","modified_gmt":"2024-10-05T00:48:01","slug":"rekisteriseloste","status":"publish","type":"page","link":"https:\/\/jannittajanverkkokurssi.com\/webinar\/rekisteriseloste\/","title":{"rendered":"rekisteriseloste"},"content":{"rendered":"\t\t<div data-elementor-type=\"wp-page\" data-elementor-id=\"1187\" class=\"elementor elementor-1187\" data-elementor-post-type=\"page\">\n\t\t\t\t\t\t\t\t\t<section class=\"elementor-section elementor-top-section elementor-element elementor-element-6184653 elementor-section-boxed elementor-section-height-default elementor-section-height-default\" data-id=\"6184653\" data-element_type=\"section\">\n\t\t\t\t\t\t<div class=\"elementor-container elementor-column-gap-default\">\n\t\t\t\t\t<div class=\"elementor-column elementor-col-100 elementor-top-column elementor-element elementor-element-e229e88\" data-id=\"e229e88\" data-element_type=\"column\">\n\t\t\t<div class=\"elementor-widget-wrap\">\n\t\t\t\t\t\t\t\t\t<\/div>\n\t\t<\/div>\n\t\t\t\t\t\t\t<\/div>\n\t\t<\/section>\n\t\t\t\t<section class=\"elementor-section elementor-top-section elementor-element elementor-element-7d336ae elementor-section-boxed elementor-section-height-default elementor-section-height-default\" data-id=\"7d336ae\" data-element_type=\"section\">\n\t\t\t\t\t\t<div class=\"elementor-container elementor-column-gap-default\">\n\t\t\t\t\t<div class=\"elementor-column elementor-col-16 elementor-top-column elementor-element elementor-element-186c620\" data-id=\"186c620\" data-element_type=\"column\">\n\t\t\t<div class=\"elementor-widget-wrap\">\n\t\t\t\t\t\t\t\t\t<\/div>\n\t\t<\/div>\n\t\t\t\t<div class=\"elementor-column elementor-col-66 elementor-top-column elementor-element elementor-element-c3d3340\" data-id=\"c3d3340\" data-element_type=\"column\">\n\t\t\t<div class=\"elementor-widget-wrap elementor-element-populated\">\n\t\t\t\t\t\t\t\t<div class=\"elementor-element elementor-element-6640085 elementor-widget elementor-widget-text-editor\" data-id=\"6640085\" data-element_type=\"widget\" data-widget_type=\"text-editor.default\">\n\t\t\t\t<div class=\"elementor-widget-container\">\n\t\t\t<style>\/*! elementor - v3.15.0 - 20-08-2023 *\/\n.elementor-widget-text-editor.elementor-drop-cap-view-stacked .elementor-drop-cap{background-color:#69727d;color:#fff}.elementor-widget-text-editor.elementor-drop-cap-view-framed .elementor-drop-cap{color:#69727d;border:3px solid;background-color:transparent}.elementor-widget-text-editor:not(.elementor-drop-cap-view-default) .elementor-drop-cap{margin-top:8px}.elementor-widget-text-editor:not(.elementor-drop-cap-view-default) .elementor-drop-cap-letter{width:1em;height:1em}.elementor-widget-text-editor .elementor-drop-cap{float:left;text-align:center;line-height:1;font-size:50px}.elementor-widget-text-editor .elementor-drop-cap-letter{display:inline-block}<\/style>\t\t\t\t<p>Henkil\u00f6tietolain (523\/1999) 10\u00a7:n ja 24\u00a7:n mukainen rekisteri- ja tietosuojaseloste.<\/p><h4>Henkil\u00f6rekisteri<\/h4><h4>Rekisterinpit\u00e4j\u00e4: Tmi Tiia Knuutinen Y-tunnus: 2808042-8<\/h4><h4>Rekisteriasioita hoitava henkil\u00f6: Tiia Minaya, s\u00e4hk\u00f6postiosoite: tiia@hellamieli.fi<\/h4><p>Rekisterin nimi: Hell\u00e4 Mieli \u2013 asiakasrekisteri<\/p><p>Rekisterin pit\u00e4misen peruste: Henkil\u00f6 tai yritys on ostanut\/tilannut Hell\u00e4 Mieli-yrityksen tuotteita verkkokaupan kautta tai j\u00e4tt\u00e4nyt yhteystietonsa Hell\u00e4 Mieli-yrityksen s\u00e4hk\u00f6postilistalle tilaamalla ilmaista materiaalia tai rekister\u00f6itym\u00e4ll\u00e4 webinaariin.<\/p><p>Rekisterin k\u00e4ytt\u00f6tarkoitus: Hell\u00e4 Mieli- asiakasrekisterin yll\u00e4pit\u00e4minen, asiakkaiden tilausten arkistointi ja k\u00e4sittely sek\u00e4 asiakkuuden hoitaminen, verkkopalveluiden k\u00e4vij\u00e4seuranta, markkinointi ja muu viestint\u00e4.<\/p><p>Henkil\u00f6rekisteri voi sis\u00e4lt\u00e4\u00e4 seuraavia tietoja:<\/p><p>Henkil\u00f6n etu- ja sukunimi<\/p><p>S\u00e4hk\u00f6postiosoite<br \/>Postiosoite<br \/>Puhelinnumero<br \/>Tiedot k\u00e4sitellyist\u00e4 tilauksista<br \/>S\u00e4hk\u00f6postilistalle liittymisen ajankohta ja liittymistapa<br \/>Tieto s\u00e4hk\u00f6postin avaamisesta ja s\u00e4hk\u00f6postin linkkien klikkaamisesta<br \/>Tietojen luovutus: Henkil\u00f6rekisterin tiedot ovat ainoastaan Tmi Tiia Knuutinen\/Hell\u00e4 Mieli k\u00e4yt\u00f6ss\u00e4. Tietoja voidaan k\u00e4ytt\u00e4\u00e4 ainoastaan J\u00e4nnitt\u00e4j\u00e4n verkkokurssin mainonnan kohdentamiseen.<\/p><p>K\u00e4vij\u00e4seuranta<\/p><p>Sivustolla on k\u00e4yt\u00f6ss\u00e4 eri ohjelmia parantamaan k\u00e4vij\u00e4n asiakaskokemusta, kohdentamaan markkinointia, seuraamaan k\u00e4vij\u00e4liikennett\u00e4, suorittamaan maksunv\u00e4lityksi\u00e4 sek\u00e4 parantamaan sivuston k\u00e4ytt\u00f6kokemusta.<\/p><ul><li>Google Analytics<\/li><li>Meta<\/li><li>FluentCRM<\/li><li>WooCommerce<\/li><\/ul><p><br \/>Ohjelmat voivat tallentaa k\u00e4ytt\u00e4j\u00e4n kovalevylle v\u00e4liaikaisia ja\/tai pysyvi\u00e4 ev\u00e4steit\u00e4. Ev\u00e4steet eiv\u00e4t ole v\u00e4ltt\u00e4m\u00e4tt\u00f6mi\u00e4 sivuston k\u00e4yt\u00f6n kannalta, joten voit est\u00e4\u00e4 ev\u00e4steiden k\u00e4yt\u00f6n selaimesi asetusten avulla tai tyhjent\u00e4\u00e4 selaimesi jo tallentamat ev\u00e4steet.<\/p>\t\t\t\t\t\t<\/div>\n\t\t\t\t<\/div>\n\t\t\t\t\t<\/div>\n\t\t<\/div>\n\t\t\t\t<div class=\"elementor-column elementor-col-16 elementor-top-column elementor-element elementor-element-34eb974\" data-id=\"34eb974\" data-element_type=\"column\">\n\t\t\t<div class=\"elementor-widget-wrap\">\n\t\t\t\t\t\t\t\t\t<\/div>\n\t\t<\/div>\n\t\t\t\t\t\t\t<\/div>\n\t\t<\/section>\n\t\t\t\t\t\t\t<\/div>\n\t\t","protected":false},"excerpt":{"rendered":"<p>Henkil\u00f6tietolain (523\/1999) 10\u00a7:n ja 24\u00a7:n mukainen rekisteri- ja tietosuojaseloste. Henkil\u00f6rekisteri Rekisterinpit\u00e4j\u00e4: Tmi Tiia Knuutinen Y-tunnus: 2808042-8 Rekisteriasioita hoitava henkil\u00f6: Tiia Minaya, s\u00e4hk\u00f6postiosoite: tiia@hellamieli.fi Rekisterin nimi: Hell\u00e4 Mieli \u2013 asiakasrekisteri Rekisterin pit\u00e4misen peruste: Henkil\u00f6 tai yritys on ostanut\/tilannut Hell\u00e4 Mieli-yrityksen tuotteita verkkokaupan kautta tai j\u00e4tt\u00e4nyt yhteystietonsa Hell\u00e4 Mieli-yrityksen s\u00e4hk\u00f6postilistalle tilaamalla ilmaista materiaalia tai rekister\u00f6itym\u00e4ll\u00e4 webinaariin. Rekisterin [&hellip;]<\/p>\n","protected":false},"author":1,"featured_media":0,"parent":0,"menu_order":0,"comment_status":"closed","ping_status":"closed","template":"elementor_canvas","meta":{"footnotes":""},"class_list":["post-1187","page","type-page","status-publish","hentry","entry"],"yoast_head":"<!-- This site is optimized with the Yoast SEO plugin v21.1 - https:\/\/yoast.com\/wordpress\/plugins\/seo\/ -->\n<title>rekisteriseloste - Hell\u00e4 Mieli | Ole kiltti itsellesi<\/title>\n<meta name=\"robots\" content=\"index, follow, max-snippet:-1, max-image-preview:large, max-video-preview:-1\" \/>\n<link rel=\"canonical\" href=\"https:\/\/jannittajanverkkokurssi.com\/webinar\/rekisteriseloste\/\" \/>\n<meta property=\"og:locale\" content=\"en_US\" \/>\n<meta property=\"og:type\" content=\"article\" \/>\n<meta property=\"og:title\" content=\"rekisteriseloste - Hell\u00e4 Mieli | Ole kiltti itsellesi\" \/>\n<meta property=\"og:description\" content=\"Henkil\u00f6tietolain (523\/1999) 10\u00a7:n ja 24\u00a7:n mukainen rekisteri- ja tietosuojaseloste. Henkil\u00f6rekisteri Rekisterinpit\u00e4j\u00e4: Tmi Tiia Knuutinen Y-tunnus: 2808042-8 Rekisteriasioita hoitava henkil\u00f6: Tiia Minaya, s\u00e4hk\u00f6postiosoite: tiia@hellamieli.fi Rekisterin nimi: Hell\u00e4 Mieli \u2013 asiakasrekisteri Rekisterin pit\u00e4misen peruste: Henkil\u00f6 tai yritys on ostanut\/tilannut Hell\u00e4 Mieli-yrityksen tuotteita verkkokaupan kautta tai j\u00e4tt\u00e4nyt yhteystietonsa Hell\u00e4 Mieli-yrityksen s\u00e4hk\u00f6postilistalle tilaamalla ilmaista materiaalia tai rekister\u00f6itym\u00e4ll\u00e4 webinaariin. Rekisterin [&hellip;]\" \/>\n<meta property=\"og:url\" content=\"https:\/\/jannittajanverkkokurssi.com\/webinar\/rekisteriseloste\/\" \/>\n<meta property=\"og:site_name\" content=\"Hell\u00e4 Mieli | Ole kiltti itsellesi\" \/>\n<meta property=\"article:publisher\" content=\"https:\/\/www.facebook.com\/hellamieli.fi\/\" \/>\n<meta property=\"article:modified_time\" content=\"2024-10-05T00:48:01+00:00\" \/>\n<meta name=\"twitter:card\" content=\"summary_large_image\" \/>\n<meta name=\"twitter:label1\" content=\"Est. reading time\" \/>\n\t<meta name=\"twitter:data1\" content=\"1 minute\" \/>\n<script type=\"application\/ld+json\" class=\"yoast-schema-graph\">{\"@context\":\"https:\/\/schema.org\",\"@graph\":[{\"@type\":\"WebPage\",\"@id\":\"https:\/\/jannittajanverkkokurssi.com\/webinar\/rekisteriseloste\/\",\"url\":\"https:\/\/jannittajanverkkokurssi.com\/webinar\/rekisteriseloste\/\",\"name\":\"rekisteriseloste - Hell\u00e4 Mieli | Ole kiltti itsellesi\",\"isPartOf\":{\"@id\":\"https:\/\/jannittajanverkkokurssi.com\/webinar\/#website\"},\"datePublished\":\"2024-10-05T00:36:17+00:00\",\"dateModified\":\"2024-10-05T00:48:01+00:00\",\"breadcrumb\":{\"@id\":\"https:\/\/jannittajanverkkokurssi.com\/webinar\/rekisteriseloste\/#breadcrumb\"},\"inLanguage\":\"en-US\",\"potentialAction\":[{\"@type\":\"ReadAction\",\"target\":[\"https:\/\/jannittajanverkkokurssi.com\/webinar\/rekisteriseloste\/\"]}]},{\"@type\":\"BreadcrumbList\",\"@id\":\"https:\/\/jannittajanverkkokurssi.com\/webinar\/rekisteriseloste\/#breadcrumb\",\"itemListElement\":[{\"@type\":\"ListItem\",\"position\":1,\"name\":\"Home\",\"item\":\"https:\/\/jannittajanverkkokurssi.com\/webinar\/\"},{\"@type\":\"ListItem\",\"position\":2,\"name\":\"rekisteriseloste\"}]},{\"@type\":\"WebSite\",\"@id\":\"https:\/\/jannittajanverkkokurssi.com\/webinar\/#website\",\"url\":\"https:\/\/jannittajanverkkokurssi.com\/webinar\/\",\"name\":\"Hell\u00e4 Mieli | Vapaaksi sosiaalisesta j\u00e4nnitt\u00e4misest\u00e4\",\"description\":\"\",\"publisher\":{\"@id\":\"https:\/\/jannittajanverkkokurssi.com\/webinar\/#\/schema\/person\/393d44e59dd8fc0fe68fa0c6311fde5b\"},\"potentialAction\":[{\"@type\":\"SearchAction\",\"target\":{\"@type\":\"EntryPoint\",\"urlTemplate\":\"https:\/\/jannittajanverkkokurssi.com\/webinar\/?s={search_term_string}\"},\"query-input\":\"required name=search_term_string\"}],\"inLanguage\":\"en-US\"},{\"@type\":[\"Person\",\"Organization\"],\"@id\":\"https:\/\/jannittajanverkkokurssi.com\/webinar\/#\/schema\/person\/393d44e59dd8fc0fe68fa0c6311fde5b\",\"name\":\"Tiia Minaya\",\"image\":{\"@type\":\"ImageObject\",\"inLanguage\":\"en-US\",\"@id\":\"https:\/\/jannittajanverkkokurssi.com\/webinar\/#\/schema\/person\/image\/\",\"url\":\"https:\/\/jannittajanverkkokurssi.com\/webinar\/wp-content\/uploads\/2023\/08\/logo1-png-1.png\",\"contentUrl\":\"https:\/\/jannittajanverkkokurssi.com\/webinar\/wp-content\/uploads\/2023\/08\/logo1-png-1.png\",\"width\":1024,\"height\":200,\"caption\":\"Tiia Minaya\"},\"logo\":{\"@id\":\"https:\/\/jannittajanverkkokurssi.com\/webinar\/#\/schema\/person\/image\/\"},\"sameAs\":[\"https:\/\/hellamieli.fi\/\",\"https:\/\/www.facebook.com\/hellamieli.fi\/\",\"https:\/\/www.instagram.com\/hella.mieli\/\"]}]}<\/script>\n<!-- \/ Yoast SEO plugin. -->","yoast_head_json":{"title":"rekisteriseloste - Hell\u00e4 Mieli | Ole kiltti itsellesi","robots":{"index":"index","follow":"follow","max-snippet":"max-snippet:-1","max-image-preview":"max-image-preview:large","max-video-preview":"max-video-preview:-1"},"canonical":"https:\/\/jannittajanverkkokurssi.com\/webinar\/rekisteriseloste\/","og_locale":"en_US","og_type":"article","og_title":"rekisteriseloste - Hell\u00e4 Mieli | Ole kiltti itsellesi","og_description":"Henkil\u00f6tietolain (523\/1999) 10\u00a7:n ja 24\u00a7:n mukainen rekisteri- ja tietosuojaseloste. Henkil\u00f6rekisteri Rekisterinpit\u00e4j\u00e4: Tmi Tiia Knuutinen Y-tunnus: 2808042-8 Rekisteriasioita hoitava henkil\u00f6: Tiia Minaya, s\u00e4hk\u00f6postiosoite: tiia@hellamieli.fi Rekisterin nimi: Hell\u00e4 Mieli \u2013 asiakasrekisteri Rekisterin pit\u00e4misen peruste: Henkil\u00f6 tai yritys on ostanut\/tilannut Hell\u00e4 Mieli-yrityksen tuotteita verkkokaupan kautta tai j\u00e4tt\u00e4nyt yhteystietonsa Hell\u00e4 Mieli-yrityksen s\u00e4hk\u00f6postilistalle tilaamalla ilmaista materiaalia tai rekister\u00f6itym\u00e4ll\u00e4 webinaariin. Rekisterin [&hellip;]","og_url":"https:\/\/jannittajanverkkokurssi.com\/webinar\/rekisteriseloste\/","og_site_name":"Hell\u00e4 Mieli | Ole kiltti itsellesi","article_publisher":"https:\/\/www.facebook.com\/hellamieli.fi\/","article_modified_time":"2024-10-05T00:48:01+00:00","twitter_card":"summary_large_image","twitter_misc":{"Est. reading time":"1 minute"},"schema":{"@context":"https:\/\/schema.org","@graph":[{"@type":"WebPage","@id":"https:\/\/jannittajanverkkokurssi.com\/webinar\/rekisteriseloste\/","url":"https:\/\/jannittajanverkkokurssi.com\/webinar\/rekisteriseloste\/","name":"rekisteriseloste - Hell\u00e4 Mieli | Ole kiltti itsellesi","isPartOf":{"@id":"https:\/\/jannittajanverkkokurssi.com\/webinar\/#website"},"datePublished":"2024-10-05T00:36:17+00:00","dateModified":"2024-10-05T00:48:01+00:00","breadcrumb":{"@id":"https:\/\/jannittajanverkkokurssi.com\/webinar\/rekisteriseloste\/#breadcrumb"},"inLanguage":"en-US","potentialAction":[{"@type":"ReadAction","target":["https:\/\/jannittajanverkkokurssi.com\/webinar\/rekisteriseloste\/"]}]},{"@type":"BreadcrumbList","@id":"https:\/\/jannittajanverkkokurssi.com\/webinar\/rekisteriseloste\/#breadcrumb","itemListElement":[{"@type":"ListItem","position":1,"name":"Home","item":"https:\/\/jannittajanverkkokurssi.com\/webinar\/"},{"@type":"ListItem","position":2,"name":"rekisteriseloste"}]},{"@type":"WebSite","@id":"https:\/\/jannittajanverkkokurssi.com\/webinar\/#website","url":"https:\/\/jannittajanverkkokurssi.com\/webinar\/","name":"Hell\u00e4 Mieli | Vapaaksi sosiaalisesta j\u00e4nnitt\u00e4misest\u00e4","description":"","publisher":{"@id":"https:\/\/jannittajanverkkokurssi.com\/webinar\/#\/schema\/person\/393d44e59dd8fc0fe68fa0c6311fde5b"},"potentialAction":[{"@type":"SearchAction","target":{"@type":"EntryPoint","urlTemplate":"https:\/\/jannittajanverkkokurssi.com\/webinar\/?s={search_term_string}"},"query-input":"required name=search_term_string"}],"inLanguage":"en-US"},{"@type":["Person","Organization"],"@id":"https:\/\/jannittajanverkkokurssi.com\/webinar\/#\/schema\/person\/393d44e59dd8fc0fe68fa0c6311fde5b","name":"Tiia Minaya","image":{"@type":"ImageObject","inLanguage":"en-US","@id":"https:\/\/jannittajanverkkokurssi.com\/webinar\/#\/schema\/person\/image\/","url":"https:\/\/jannittajanverkkokurssi.com\/webinar\/wp-content\/uploads\/2023\/08\/logo1-png-1.png","contentUrl":"https:\/\/jannittajanverkkokurssi.com\/webinar\/wp-content\/uploads\/2023\/08\/logo1-png-1.png","width":1024,"height":200,"caption":"Tiia Minaya"},"logo":{"@id":"https:\/\/jannittajanverkkokurssi.com\/webinar\/#\/schema\/person\/image\/"},"sameAs":["https:\/\/hellamieli.fi\/","https:\/\/www.facebook.com\/hellamieli.fi\/","https:\/\/www.instagram.com\/hella.mieli\/"]}]}},"_links":{"self":[{"href":"https:\/\/jannittajanverkkokurssi.com\/webinar\/wp-json\/wp\/v2\/pages\/1187","targetHints":{"allow":["GET"]}}],"collection":[{"href":"https:\/\/jannittajanverkkokurssi.com\/webinar\/wp-json\/wp\/v2\/pages"}],"about":[{"href":"https:\/\/jannittajanverkkokurssi.com\/webinar\/wp-json\/wp\/v2\/types\/page"}],"author":[{"embeddable":true,"href":"https:\/\/jannittajanverkkokurssi.com\/webinar\/wp-json\/wp\/v2\/users\/1"}],"replies":[{"embeddable":true,"href":"https:\/\/jannittajanverkkokurssi.com\/webinar\/wp-json\/wp\/v2\/comments?post=1187"}],"version-history":[{"count":11,"href":"https:\/\/jannittajanverkkokurssi.com\/webinar\/wp-json\/wp\/v2\/pages\/1187\/revisions"}],"predecessor-version":[{"id":1203,"href":"https:\/\/jannittajanverkkokurssi.com\/webinar\/wp-json\/wp\/v2\/pages\/1187\/revisions\/1203"}],"wp:attachment":[{"href":"https:\/\/jannittajanverkkokurssi.com\/webinar\/wp-json\/wp\/v2\/media?parent=1187"}],"curies":[{"name":"wp","href":"https:\/\/api.w.org\/{rel}","templated":true}]}}